{"id":277949,"date":"2024-12-18T19:51:36","date_gmt":"2024-12-18T18:51:36","guid":{"rendered":"https:\/\/www.unistellar.com\/unistellar-care\/"},"modified":"2024-12-18T22:59:30","modified_gmt":"2024-12-18T21:59:30","slug":"unistellar-care","status":"publish","type":"page","link":"https:\/\/www.unistellar.com\/fr\/unistellar-care\/","title":{"rendered":"UNISTELLAR Care"},"content":{"rendered":"<p>[et_pb_section fb_built=\u00a0\u00bb1&Prime; custom_padding_last_edited=\u00a0\u00bbon|phone\u00a0\u00bb _builder_version=\u00a0\u00bb4.22.2&Prime; _module_preset=\u00a0\u00bbdefault\u00a0\u00bb background_color=\u00a0\u00bb#000000&Prime; background_enable_image=\u00a0\u00bboff\u00a0\u00bb background_enable_video_mp4=\u00a0\u00bboff\u00a0\u00bb min_height=\u00a0\u00bb40vh\u00a0\u00bb min_height_tablet=\u00a0\u00bb40vh\u00a0\u00bb min_height_phone=\u00a0\u00bb40vh\u00a0\u00bb min_height_last_edited=\u00a0\u00bbon|tablet\u00a0\u00bb height_tablet=\u00a0\u00bb\u00a0\u00bb height_phone=\u00a0\u00bb\u00a0\u00bb height_last_edited=\u00a0\u00bbon|desktop\u00a0\u00bb custom_padding=\u00a0\u00bb|56px|56px|56px|false|false\u00a0\u00bb custom_padding_tablet=\u00a0\u00bb|56px|56px|56px|false|false\u00a0\u00bb custom_padding_phone=\u00a0\u00bb|20px|32px|20px|false|false\u00a0\u00bb sticky_limit_bottom=\u00a0\u00bbbody\u00a0\u00bb custom_css_main_element=\u00a0\u00bbdisplay: flex !important;\u00a0\u00bb locked=\u00a0\u00bboff\u00a0\u00bb global_colors_info=\u00a0\u00bb{}\u00a0\u00bb][et_pb_row _builder_version=\u00a0\u00bb4.22.2&Prime; _module_preset=\u00a0\u00bbdefault\u00a0\u00bb width=\u00a0\u00bb100%\u00a0\u00bb custom_margin=\u00a0\u00bb48px||||false|false\u00a0\u00bb scroll_vertical_motion=\u00a0\u00bb0|0|0|100|4|0|-4&Prime; scroll_fade=\u00a0\u00bb0|50|50|100|0|100|0%\u00a0\u00bb custom_css_main_element=\u00a0\u00bb||\u00a0\u00bb global_colors_info=\u00a0\u00bb{}\u00a0\u00bb][et_pb_column type=\u00a0\u00bb4_4&Prime; _builder_version=\u00a0\u00bb4.22.2&Prime; _module_preset=\u00a0\u00bbdefault\u00a0\u00bb global_colors_info=\u00a0\u00bb{}\u00a0\u00bb][et_pb_image src=\u00a0\u00bbhttps:\/\/www.unistellar.com\/wp-content\/uploads\/2024\/12\/logo.png\u00a0\u00bb align=\u00a0\u00bbcenter\u00a0\u00bb _builder_version=\u00a0\u00bb4.22.2&Prime; _module_preset=\u00a0\u00bbdefault\u00a0\u00bb width=\u00a0\u00bb10%\u00a0\u00bb width_tablet=\u00a0\u00bb20%\u00a0\u00bb width_phone=\u00a0\u00bb30%\u00a0\u00bb width_last_edited=\u00a0\u00bbon|phone\u00a0\u00bb global_colors_info=\u00a0\u00bb{}\u00a0\u00bb][\/et_pb_image][et_pb_text content_phone=\u00a0\u00bb<\/p>\n<h1>THE TELESCOPE,<br \/>REINVENTED.<\/h1>\n<p>\u00a0\u00bb content_last_edited=\u00a0\u00bboff|tablet\u00a0\u00bb _builder_version=\u00a0\u00bb4.22.2&Prime; _module_preset=\u00a0\u00bbdefault\u00a0\u00bb text_font=\u00a0\u00bbSweet Sans Pro||||||||\u00a0\u00bb text_font_size=\u00a0\u00bb96px\u00a0\u00bb text_line_height=\u00a0\u00bb1.1em\u00a0\u00bb header_font=\u00a0\u00bbSweet Sans Pro|300|||||||\u00a0\u00bb header_text_color=\u00a0\u00bb#FFFFFF\u00a0\u00bb header_font_size=\u00a0\u00bb96px\u00a0\u00bb header_3_font=\u00a0\u00bb|||on|||||\u00a0\u00bb header_4_font=\u00a0\u00bb|||on|||||\u00a0\u00bb header_4_font_size=\u00a0\u00bb28px\u00a0\u00bb width=\u00a0\u00bb74%\u00a0\u00bb module_alignment=\u00a0\u00bbcenter\u00a0\u00bb header_font_size_tablet=\u00a0\u00bb70px\u00a0\u00bb header_font_size_phone=\u00a0\u00bb30px\u00a0\u00bb header_font_size_last_edited=\u00a0\u00bbon|desktop\u00a0\u00bb header_4_font_size_tablet=\u00a0\u00bb20px\u00a0\u00bb header_4_font_size_phone=\u00a0\u00bb16px\u00a0\u00bb header_4_font_size_last_edited=\u00a0\u00bbon|phone\u00a0\u00bb global_colors_info=\u00a0\u00bb{}\u00a0\u00bb]<\/p>\n<h1 style=\"text-align: center;\">UNISTELLAR CARE.<\/h1>\n<h4 style=\"text-align: center;\"><span style=\"font-weight: 400;\">Assurance + extension de garantie sp\u00e9cialement con\u00e7ues pour votre t\u00e9lescope intelligent UNISTELLAR.<\/span><\/h4>\n<p>[\/et_pb_text][\/et_pb_column][\/et_pb_row][\/et_pb_section][et_pb_section fb_built=\u00a0\u00bb1&Prime; _builder_version=\u00a0\u00bb4.22.2&Prime; _module_preset=\u00a0\u00bbdefault\u00a0\u00bb background_color=\u00a0\u00bb#080607&Prime; custom_margin=\u00a0\u00bb||||false|false\u00a0\u00bb custom_padding=\u00a0\u00bb0px||||false|false\u00a0\u00bb global_colors_info=\u00a0\u00bb{}\u00a0\u00bb][et_pb_row _builder_version=\u00a0\u00bb4.22.2&Prime; _module_preset=\u00a0\u00bbdefault\u00a0\u00bb width=\u00a0\u00bb70%\u00a0\u00bb width_tablet=\u00a0\u00bb80%\u00a0\u00bb width_phone=\u00a0\u00bb85%\u00a0\u00bb width_last_edited=\u00a0\u00bboff|phone\u00a0\u00bb global_colors_info=\u00a0\u00bb{}\u00a0\u00bb][et_pb_column type=\u00a0\u00bb4_4&Prime; _builder_version=\u00a0\u00bb4.22.2&Prime; _module_preset=\u00a0\u00bbdefault\u00a0\u00bb global_colors_info=\u00a0\u00bb{}\u00a0\u00bb][et_pb_text _builder_version=\u00a0\u00bb4.22.2&Prime; _module_preset=\u00a0\u00bbdefault\u00a0\u00bb width=\u00a0\u00bb100%\u00a0\u00bb module_alignment=\u00a0\u00bbcenter\u00a0\u00bb hover_enabled=\u00a0\u00bb0&Prime; global_colors_info=\u00a0\u00bb{}\u00a0\u00bb sticky_enabled=\u00a0\u00bb0&Prime;]<span style=\"font-weight: 400;\">Chez UNISTELLAR, nous sommes passionn\u00e9s par l\u2019exploration de l\u2019univers et par l\u2019id\u00e9e de vous offrir la meilleure exp\u00e9rience d\u2019observation. Pour prolonger votre s\u00e9r\u00e9nit\u00e9, nous avons le plaisir de vous pr\u00e9senter <\/span><b>UNISTELLAR Care<\/b><span style=\"font-weight: 400;\"> : une assurance et une extension de garantie sp\u00e9cialement con\u00e7ues pour votre t\u00e9lescope UNISTELLAR.<\/span>[\/et_pb_text][et_pb_text _builder_version=\u00a0\u00bb4.22.2&Prime; _module_preset=\u00a0\u00bbdefault\u00a0\u00bb header_4_font=\u00a0\u00bb|||on|||||\u00a0\u00bb width=\u00a0\u00bb100%\u00a0\u00bb module_alignment=\u00a0\u00bbcenter\u00a0\u00bb hover_enabled=\u00a0\u00bb0&Prime; global_colors_info=\u00a0\u00bb{}\u00a0\u00bb sticky_enabled=\u00a0\u00bb0&Prime;]<\/p>\n<h4>Pourquoi souscrire \u00e0 UNISTELLAR Care ?<\/h4>\n<p>&nbsp;<\/p>\n<ul>\n<li>3 ans d\u2019assurance couvrant les dommages accidentels.<\/li>\n<li>Une extension de la garantie contre les d\u00e9fauts constructeur \u00e0 3 ans (au lieu de 2 ans). (Le produit est garanti contre les d\u00e9fauts de mat\u00e9riaux et de fabrication dans le cadre d&rsquo;une utilisation ordinaire pour une dur\u00e9e de trois ans \u00e0 partir de la date de livraison.)<\/li>\n<li>Service Client : Acc\u00e8s prioritaire au support technique<\/li>\n<\/ul>\n<p>[\/et_pb_text][et_pb_text _builder_version=\u00a0\u00bb4.22.2&Prime; _module_preset=\u00a0\u00bbdefault\u00a0\u00bb header_4_font=\u00a0\u00bb|||on|||||\u00a0\u00bb width=\u00a0\u00bb100%\u00a0\u00bb module_alignment=\u00a0\u00bbcenter\u00a0\u00bb hover_enabled=\u00a0\u00bb0&Prime; global_colors_info=\u00a0\u00bb{}\u00a0\u00bb sticky_enabled=\u00a0\u00bb0&Prime;]<\/p>\n<h4>Conditions d\u2019application<\/h4>\n<p>&nbsp;<\/p>\n<p>La couverture des d\u00e9g\u00e2ts et dommages accidentels pendant 3 ans.<br \/>\nLa r\u00e9paration de l\u2019Appareil en cas de Panne de l&rsquo;Appareil garanti constat\u00e9e par le SAV pendant la p\u00e9riode de validit\u00e9 de la garantie. La Panne \u00e9tant d\u00e9finie comme un probl\u00e8me d&rsquo;origine interne, constat\u00e9 par le SAV UNISTELLAR, entravant le bon fonctionnement de l&rsquo;appareil et n\u00e9cessitant le remplacement d&rsquo;une ou plusieurs pi\u00e8ces d\u00e9tach\u00e9es.<br \/>\nLe remplacement de batterie dans des conditions sp\u00e9cifiques.<br \/>\nNombre d\u2019interventions couvertes pendant la p\u00e9riode de garantie : Deux (2) Interventions sont couvertes par la pr\u00e9sente Garantie.[\/et_pb_text][et_pb_text _builder_version=\u00a0\u00bb4.22.2&Prime; _module_preset=\u00a0\u00bbdefault\u00a0\u00bb header_4_font=\u00a0\u00bb|||on|||||\u00a0\u00bb width=\u00a0\u00bb100%\u00a0\u00bb module_alignment=\u00a0\u00bbcenter\u00a0\u00bb hover_enabled=\u00a0\u00bb0&Prime; global_colors_info=\u00a0\u00bb{}\u00a0\u00bb sticky_enabled=\u00a0\u00bb0&Prime;]<\/p>\n<h4>Comment \u00e7a marche ?<\/h4>\n<p>&nbsp;<\/p>\n<p>En cas de probl\u00e8me, il vous suffit de nous contacter via <a href=\"https:\/\/help.unistellar.com\/hc\/fr-fr\/requests\/new?ticket_form_id=17276846696604\">notre formulaire en ligne<\/a>. L\u2019assurance contre les dommages accidentels est conditionn\u00e9e au paiement des franchises, et toutes les interventions couvertes sont d\u00e9taill\u00e9es dans nos <a href=\"https:\/\/shop.eu.unistellar.com\/fr\/pages\/unicare-terms\">Conditions g\u00e9n\u00e9rales de vente<\/a>.<\/p>\n<p>&nbsp;<\/p>\n<p><span style=\"font-weight: 400;\">UNISTELLAR Care s\u2019applique \u00e0 l\u2019ensemble de la gamme de t\u00e9lescopes int\u00e9lligents UNISTELLAR :<\/span><\/p>\n<ul>\n<li style=\"font-weight: 400;\" aria-level=\"1\"><span style=\"font-weight: 400;\">Pour EVSCOPE 2 et ODYSSEY PRO : 399\u20ac<\/span><\/li>\n<li style=\"font-weight: 400;\" aria-level=\"1\"><span style=\"font-weight: 400;\">Pour EQUINOX 2 et ODYSSEY : 299\u20ac<\/span><\/li>\n<\/ul>\n<p>Ne laissez rien au hasard !<br \/>\nProt\u00e9gez votre t\u00e9lescope et voyagez \u00e0 travers les \u00e9toiles en toute tranquillit\u00e9.<br \/>\nSouscrivez d\u00e8s maintenant et b\u00e9n\u00e9ficiez de la meilleure protection pour votre appareil !<br \/>\n[\/et_pb_text][et_pb_text _builder_version=\u00a0\u00bb4.22.2&Prime; _module_preset=\u00a0\u00bbdefault\u00a0\u00bb header_4_font=\u00a0\u00bb|||on|||||\u00a0\u00bb width=\u00a0\u00bb100%\u00a0\u00bb module_alignment=\u00a0\u00bbcenter\u00a0\u00bb hover_enabled=\u00a0\u00bb0&Prime; global_colors_info=\u00a0\u00bb{}\u00a0\u00bb sticky_enabled=\u00a0\u00bb0&Prime;]<\/p>\n<h4>Votre produit est-il \u00e9ligible \u00e0 UNISTELLAR Care ?<\/h4>\n<p>&nbsp;<\/p>\n<p>Lors de l&rsquo;achat de votre t\u00e9lescope sur notre boutique en ligne <strong><a href=\"https:\/\/shop.eu.unistellar.com\/fr\">UNISTELLAR Shop<\/a><\/strong>, la formule UNISTELLAR Care adapt\u00e9e \u00e0 votre produit vous sera propos\u00e9e lorsque vous ajoutez le t\u00e9lescope \u00e0 votre panier. Vous pouvez souscrire \u00e0 cette formule au moment de l&rsquo;achat ou dans un d\u00e9lai maximum de 90 jours suivant la date de livraison de votre commande.<\/p>\n<p>&nbsp;<\/p>\n<p>Pour son lancement, UNISTELLAR Care est exceptionnellement accessible aux clients ayant pass\u00e9 commande depuis le 5 juin 2024.<\/p>\n<p>&nbsp;[\/et_pb_text][\/et_pb_column][\/et_pb_row][\/et_pb_section]<\/p>\n","protected":false},"excerpt":{"rendered":"<p>UNISTELLAR CARE. Assurance + extension de garantie sp\u00e9cialement con\u00e7ues pour votre t\u00e9lescope intelligent UNISTELLAR.Chez UNISTELLAR, nous sommes passionn\u00e9s par l\u2019exploration de l\u2019univers et par l\u2019id\u00e9e de vous offrir la meilleure exp\u00e9rience d\u2019observation. Pour prolonger votre s\u00e9r\u00e9nit\u00e9, nous avons le plaisir de vous pr\u00e9senter UNISTELLAR Care : une assurance et une extension de garantie sp\u00e9cialement con\u00e7ues [&hellip;]<\/p>\n","protected":false},"author":4,"featured_media":0,"parent":0,"menu_order":0,"comment_status":"closed","ping_status":"closed","template":"","meta":{"_acf_changed":false,"_et_pb_use_builder":"on","_et_pb_old_content":"","_et_gb_content_width":"","inline_featured_image":false,"footnotes":""},"class_list":["post-277949","page","type-page","status-publish","hentry"],"acf":[],"yoast_head":"<!-- This site is optimized with the Yoast SEO Premium plugin v25.6 (Yoast SEO v25.6) - https:\/\/yoast.com\/wordpress\/plugins\/seo\/ -->\n<title>UNISTELLAR Care - Unistellar<\/title>\n<meta name=\"description\" content=\"Unistellar - UNISTELLAR Care\" \/>\n<meta name=\"robots\" content=\"index, follow, max-snippet:-1, max-image-preview:large, max-video-preview:-1\" \/>\n<link rel=\"canonical\" href=\"https:\/\/www.unistellar.com\/fr\/unistellar-care\/\" \/>\n<meta property=\"og:locale\" content=\"fr_FR\" \/>\n<meta property=\"og:type\" content=\"article\" \/>\n<meta property=\"og:title\" content=\"UNISTELLAR Care\" \/>\n<meta property=\"og:description\" content=\"Unistellar - UNISTELLAR Care\" \/>\n<meta property=\"og:url\" content=\"https:\/\/www.unistellar.com\/fr\/unistellar-care\/\" \/>\n<meta property=\"og:site_name\" content=\"Unistellar\" \/>\n<meta property=\"article:publisher\" content=\"https:\/\/www.facebook.com\/unistellaroptics\/\" \/>\n<meta property=\"article:modified_time\" content=\"2024-12-18T21:59:30+00:00\" \/>\n<meta name=\"twitter:card\" content=\"summary_large_image\" \/>\n<meta name=\"twitter:site\" content=\"@unistellar\" \/>\n<meta name=\"twitter:label1\" content=\"Dur\u00e9e de lecture estim\u00e9e\" \/>\n\t<meta name=\"twitter:data1\" content=\"5 minutes\" \/>\n<script type=\"application\/ld+json\" class=\"yoast-schema-graph\">{\"@context\":\"https:\/\/schema.org\",\"@graph\":[{\"@type\":\"WebPage\",\"@id\":\"https:\/\/www.unistellar.com\/fr\/unistellar-care\/\",\"url\":\"https:\/\/www.unistellar.com\/fr\/unistellar-care\/\",\"name\":\"UNISTELLAR Care - Unistellar\",\"isPartOf\":{\"@id\":\"https:\/\/www.unistellar.com\/fr\/#website\"},\"datePublished\":\"2024-12-18T18:51:36+00:00\",\"dateModified\":\"2024-12-18T21:59:30+00:00\",\"description\":\"Unistellar - UNISTELLAR Care\",\"breadcrumb\":{\"@id\":\"https:\/\/www.unistellar.com\/fr\/unistellar-care\/#breadcrumb\"},\"inLanguage\":\"fr-FR\",\"potentialAction\":[{\"@type\":\"ReadAction\",\"target\":[\"https:\/\/www.unistellar.com\/fr\/unistellar-care\/\"]}]},{\"@type\":\"BreadcrumbList\",\"@id\":\"https:\/\/www.unistellar.com\/fr\/unistellar-care\/#breadcrumb\",\"itemListElement\":[{\"@type\":\"ListItem\",\"position\":1,\"name\":\"Home\",\"item\":\"https:\/\/www.unistellar.com\/fr\/\"},{\"@type\":\"ListItem\",\"position\":2,\"name\":\"UNISTELLAR Care\"}]},{\"@type\":\"WebSite\",\"@id\":\"https:\/\/www.unistellar.com\/fr\/#website\",\"url\":\"https:\/\/www.unistellar.com\/fr\/\",\"name\":\"Unistellar\",\"description\":\"The Universe Awaits\",\"publisher\":{\"@id\":\"https:\/\/www.unistellar.com\/fr\/#organization\"},\"potentialAction\":[{\"@type\":\"SearchAction\",\"target\":{\"@type\":\"EntryPoint\",\"urlTemplate\":\"https:\/\/www.unistellar.com\/fr\/?s={search_term_string}\"},\"query-input\":{\"@type\":\"PropertyValueSpecification\",\"valueRequired\":true,\"valueName\":\"search_term_string\"}}],\"inLanguage\":\"fr-FR\"},{\"@type\":\"Organization\",\"@id\":\"https:\/\/www.unistellar.com\/fr\/#organization\",\"name\":\"Unistellar\",\"url\":\"https:\/\/www.unistellar.com\/fr\/\",\"logo\":{\"@type\":\"ImageObject\",\"inLanguage\":\"fr-FR\",\"@id\":\"https:\/\/www.unistellar.com\/fr\/#\/schema\/logo\/image\/\",\"url\":\"https:\/\/www.unistellar.com\/wp-content\/uploads\/2022\/09\/Unistellar_Logo_Horizontal_DARKBLUE_FondVide.png\",\"contentUrl\":\"https:\/\/www.unistellar.com\/wp-content\/uploads\/2022\/09\/Unistellar_Logo_Horizontal_DARKBLUE_FondVide.png\",\"width\":2827,\"height\":417,\"caption\":\"Unistellar\"},\"image\":{\"@id\":\"https:\/\/www.unistellar.com\/fr\/#\/schema\/logo\/image\/\"},\"sameAs\":[\"https:\/\/www.facebook.com\/unistellaroptics\/\",\"https:\/\/x.com\/unistellar\"]}]}<\/script>\n<!-- \/ Yoast SEO Premium plugin. -->","yoast_head_json":{"title":"UNISTELLAR Care - Unistellar","description":"Unistellar - UNISTELLAR Care","robots":{"index":"index","follow":"follow","max-snippet":"max-snippet:-1","max-image-preview":"max-image-preview:large","max-video-preview":"max-video-preview:-1"},"canonical":"https:\/\/www.unistellar.com\/fr\/unistellar-care\/","og_locale":"fr_FR","og_type":"article","og_title":"UNISTELLAR Care","og_description":"Unistellar - UNISTELLAR Care","og_url":"https:\/\/www.unistellar.com\/fr\/unistellar-care\/","og_site_name":"Unistellar","article_publisher":"https:\/\/www.facebook.com\/unistellaroptics\/","article_modified_time":"2024-12-18T21:59:30+00:00","twitter_card":"summary_large_image","twitter_site":"@unistellar","twitter_misc":{"Dur\u00e9e de lecture estim\u00e9e":"5 minutes"},"schema":{"@context":"https:\/\/schema.org","@graph":[{"@type":"WebPage","@id":"https:\/\/www.unistellar.com\/fr\/unistellar-care\/","url":"https:\/\/www.unistellar.com\/fr\/unistellar-care\/","name":"UNISTELLAR Care - Unistellar","isPartOf":{"@id":"https:\/\/www.unistellar.com\/fr\/#website"},"datePublished":"2024-12-18T18:51:36+00:00","dateModified":"2024-12-18T21:59:30+00:00","description":"Unistellar - UNISTELLAR Care","breadcrumb":{"@id":"https:\/\/www.unistellar.com\/fr\/unistellar-care\/#breadcrumb"},"inLanguage":"fr-FR","potentialAction":[{"@type":"ReadAction","target":["https:\/\/www.unistellar.com\/fr\/unistellar-care\/"]}]},{"@type":"BreadcrumbList","@id":"https:\/\/www.unistellar.com\/fr\/unistellar-care\/#breadcrumb","itemListElement":[{"@type":"ListItem","position":1,"name":"Home","item":"https:\/\/www.unistellar.com\/fr\/"},{"@type":"ListItem","position":2,"name":"UNISTELLAR Care"}]},{"@type":"WebSite","@id":"https:\/\/www.unistellar.com\/fr\/#website","url":"https:\/\/www.unistellar.com\/fr\/","name":"Unistellar","description":"The Universe Awaits","publisher":{"@id":"https:\/\/www.unistellar.com\/fr\/#organization"},"potentialAction":[{"@type":"SearchAction","target":{"@type":"EntryPoint","urlTemplate":"https:\/\/www.unistellar.com\/fr\/?s={search_term_string}"},"query-input":{"@type":"PropertyValueSpecification","valueRequired":true,"valueName":"search_term_string"}}],"inLanguage":"fr-FR"},{"@type":"Organization","@id":"https:\/\/www.unistellar.com\/fr\/#organization","name":"Unistellar","url":"https:\/\/www.unistellar.com\/fr\/","logo":{"@type":"ImageObject","inLanguage":"fr-FR","@id":"https:\/\/www.unistellar.com\/fr\/#\/schema\/logo\/image\/","url":"https:\/\/www.unistellar.com\/wp-content\/uploads\/2022\/09\/Unistellar_Logo_Horizontal_DARKBLUE_FondVide.png","contentUrl":"https:\/\/www.unistellar.com\/wp-content\/uploads\/2022\/09\/Unistellar_Logo_Horizontal_DARKBLUE_FondVide.png","width":2827,"height":417,"caption":"Unistellar"},"image":{"@id":"https:\/\/www.unistellar.com\/fr\/#\/schema\/logo\/image\/"},"sameAs":["https:\/\/www.facebook.com\/unistellaroptics\/","https:\/\/x.com\/unistellar"]}]}},"_links":{"self":[{"href":"https:\/\/www.unistellar.com\/fr\/wp-json\/wp\/v2\/pages\/277949","targetHints":{"allow":["GET"]}}],"collection":[{"href":"https:\/\/www.unistellar.com\/fr\/wp-json\/wp\/v2\/pages"}],"about":[{"href":"https:\/\/www.unistellar.com\/fr\/wp-json\/wp\/v2\/types\/page"}],"author":[{"embeddable":true,"href":"https:\/\/www.unistellar.com\/fr\/wp-json\/wp\/v2\/users\/4"}],"replies":[{"embeddable":true,"href":"https:\/\/www.unistellar.com\/fr\/wp-json\/wp\/v2\/comments?post=277949"}],"version-history":[{"count":3,"href":"https:\/\/www.unistellar.com\/fr\/wp-json\/wp\/v2\/pages\/277949\/revisions"}],"predecessor-version":[{"id":277953,"href":"https:\/\/www.unistellar.com\/fr\/wp-json\/wp\/v2\/pages\/277949\/revisions\/277953"}],"wp:attachment":[{"href":"https:\/\/www.unistellar.com\/fr\/wp-json\/wp\/v2\/media?parent=277949"}],"curies":[{"name":"wp","href":"https:\/\/api.w.org\/{rel}","templated":true}]}}