{"id":243470,"date":"2022-10-19T08:34:47","date_gmt":"2022-10-19T07:34:47","guid":{"rendered":"https:\/\/www.unistellar.com\/legal-notice\/"},"modified":"2024-01-08T01:45:30","modified_gmt":"2024-01-08T00:45:30","slug":"legal-notice","status":"publish","type":"page","link":"https:\/\/www.unistellar.com\/fr\/legal-notice\/","title":{"rendered":"Legal notice"},"content":{"rendered":"<p>[et_pb_section fb_built=\u00a0\u00bb1&Prime; custom_padding_last_edited=\u00a0\u00bbon|phone\u00a0\u00bb _builder_version=\u00a0\u00bb4.22.2&Prime; _module_preset=\u00a0\u00bbdefault\u00a0\u00bb use_background_color_gradient=\u00a0\u00bbon\u00a0\u00bb background_color_gradient_stops=\u00a0\u00bbrgba(255,255,255,0) 40%|#000000 100%\u00a0\u00bb background_color_gradient_overlays_image=\u00a0\u00bbon\u00a0\u00bb background_image=\u00a0\u00bbhttps:\/\/www.unistellar.com\/wp-content\/uploads\/2023\/11\/saad-salim-7BGPevwdaOQ-unsplash-1-1.png\u00a0\u00bb background_enable_video_mp4=\u00a0\u00bboff\u00a0\u00bb min_height=\u00a0\u00bb60vh\u00a0\u00bb custom_padding_tablet=\u00a0\u00bb\u00a0\u00bb custom_padding_phone=\u00a0\u00bb|24px||24px|false|false\u00a0\u00bb sticky_limit_bottom=\u00a0\u00bbbody\u00a0\u00bb custom_css_main_element=\u00a0\u00bbdisplay: flex !important;\u00a0\u00bb locked=\u00a0\u00bboff\u00a0\u00bb global_colors_info=\u00a0\u00bb{}\u00a0\u00bb][et_pb_row custom_padding_last_edited=\u00a0\u00bbon|phone\u00a0\u00bb _builder_version=\u00a0\u00bb4.22.2&Prime; _module_preset=\u00a0\u00bbdefault\u00a0\u00bb width_tablet=\u00a0\u00bb\u00a0\u00bb width_phone=\u00a0\u00bb100%\u00a0\u00bb width_last_edited=\u00a0\u00bbon|phone\u00a0\u00bb custom_padding_tablet=\u00a0\u00bb\u00a0\u00bb custom_padding_phone=\u00a0\u00bb||||false|false\u00a0\u00bb animation_style=\u00a0\u00bbfade\u00a0\u00bb scroll_vertical_motion=\u00a0\u00bb0|0|0|100|4|0|-4&Prime; scroll_fade=\u00a0\u00bb0|50|50|100|0|100|0%\u00a0\u00bb custom_css_main_element=\u00a0\u00bb||\u00a0\u00bb global_colors_info=\u00a0\u00bb{}\u00a0\u00bb][et_pb_column type=\u00a0\u00bb4_4&Prime; _builder_version=\u00a0\u00bb4.22.2&Prime; _module_preset=\u00a0\u00bbdefault\u00a0\u00bb global_colors_info=\u00a0\u00bb{}\u00a0\u00bb][et_pb_text _builder_version=\u00a0\u00bb4.22.2&Prime; _module_preset=\u00a0\u00bbdefault\u00a0\u00bb text_font=\u00a0\u00bbSweet Sans Pro|500|||||||\u00a0\u00bb text_font_size=\u00a0\u00bb18px\u00a0\u00bb header_6_font=\u00a0\u00bbSweet Sans Pro|300|||||||\u00a0\u00bb header_6_font_size=\u00a0\u00bb18px\u00a0\u00bb custom_margin=\u00a0\u00bb||24px||false|false\u00a0\u00bb custom_margin_tablet=\u00a0\u00bb||24px||false|false\u00a0\u00bb custom_margin_phone=\u00a0\u00bb||16px||false|false\u00a0\u00bb custom_margin_last_edited=\u00a0\u00bbon|phone\u00a0\u00bb text_font_size_tablet=\u00a0\u00bb18px\u00a0\u00bb text_font_size_phone=\u00a0\u00bb14px\u00a0\u00bb text_font_size_last_edited=\u00a0\u00bbon|phone\u00a0\u00bb header_6_font_size_tablet=\u00a0\u00bb18px\u00a0\u00bb header_6_font_size_phone=\u00a0\u00bb14px\u00a0\u00bb header_6_font_size_last_edited=\u00a0\u00bbon|phone\u00a0\u00bb global_colors_info=\u00a0\u00bb{}\u00a0\u00bb]<\/p>\n<h6 style=\"text-align: center;\">UNISTELLAR<\/h6>\n<p>[\/et_pb_text][et_pb_text _builder_version=\u00a0\u00bb4.22.2&Prime; _module_preset=\u00a0\u00bbdefault\u00a0\u00bb text_font=\u00a0\u00bbSweet Sans Pro||||||||\u00a0\u00bb text_font_size=\u00a0\u00bb96px\u00a0\u00bb text_line_height=\u00a0\u00bb1.1em\u00a0\u00bb header_font=\u00a0\u00bbSweet Sans Pro|300||on|||||\u00a0\u00bb header_font_size=\u00a0\u00bb96px\u00a0\u00bb hover_enabled=\u00a0\u00bb0&Prime; header_font_size_tablet=\u00a0\u00bb96px\u00a0\u00bb header_font_size_phone=\u00a0\u00bb42px\u00a0\u00bb header_font_size_last_edited=\u00a0\u00bbon|phone\u00a0\u00bb global_colors_info=\u00a0\u00bb{}\u00a0\u00bb sticky_enabled=\u00a0\u00bb0&Prime;]<\/p>\n<h1 style=\"text-align: center;\">Mentions L\u00e9gales<\/h1>\n<p>[\/et_pb_text][\/et_pb_column][\/et_pb_row][\/et_pb_section][et_pb_section fb_built=\u00a0\u00bb1&Prime; _builder_version=\u00a0\u00bb4.18.0&Prime; _module_preset=\u00a0\u00bbdefault\u00a0\u00bb background_color=\u00a0\u00bbgcid-579abc80-458a-43b5-90b5-efa821d39207&Prime; global_colors_info=\u00a0\u00bb{%22gcid-579abc80-458a-43b5-90b5-efa821d39207%22:%91%22background_color%22%93}\u00a0\u00bb][et_pb_row _builder_version=\u00a0\u00bb4.18.0&Prime; _module_preset=\u00a0\u00bbdefault\u00a0\u00bb global_colors_info=\u00a0\u00bb{}\u00a0\u00bb][et_pb_column type=\u00a0\u00bb4_4&Prime; _builder_version=\u00a0\u00bb4.18.0&Prime; _module_preset=\u00a0\u00bbdefault\u00a0\u00bb global_colors_info=\u00a0\u00bb{}\u00a0\u00bb][et_pb_text _builder_version=\u00a0\u00bb4.22.2&Prime; _module_preset=\u00a0\u00bbdefault\u00a0\u00bb text_font=\u00a0\u00bb||||||||\u00a0\u00bb text_font_size=\u00a0\u00bb0.94rem\u00a0\u00bb text_line_height=\u00a0\u00bb140%\u00a0\u00bb header_font=\u00a0\u00bb|||on|||||\u00a0\u00bb header_font_size=\u00a0\u00bb6rem\u00a0\u00bb header_line_height=\u00a0\u00bb100%\u00a0\u00bb header_2_font=\u00a0\u00bb|||on|||||\u00a0\u00bb header_2_font_size=\u00a0\u00bb4.5rem\u00a0\u00bb header_2_line_height=\u00a0\u00bb100%\u00a0\u00bb header_3_font=\u00a0\u00bb|100||on|||||\u00a0\u00bb header_3_font_size=\u00a0\u00bb3rem\u00a0\u00bb header_3_line_height=\u00a0\u00bb100%\u00a0\u00bb header_4_font=\u00a0\u00bb|300||on|||||\u00a0\u00bb header_4_font_size=\u00a0\u00bb2.13rem\u00a0\u00bb header_4_line_height=\u00a0\u00bb100%\u00a0\u00bb header_5_font=\u00a0\u00bb|||on|||||\u00a0\u00bb header_5_font_size=\u00a0\u00bb1.38rem\u00a0\u00bb header_5_line_height=\u00a0\u00bb110%\u00a0\u00bb header_6_font=\u00a0\u00bb|||on|||||\u00a0\u00bb header_6_font_size=\u00a0\u00bb1.13rem\u00a0\u00bb header_6_line_height=\u00a0\u00bb100%\u00a0\u00bb hover_enabled=\u00a0\u00bb0&Prime; text_font_size_tablet=\u00a0\u00bb0.94rem\u00a0\u00bb text_font_size_phone=\u00a0\u00bb0.88rem\u00a0\u00bb text_font_size_last_edited=\u00a0\u00bbon|desktop\u00a0\u00bb text_line_height_tablet=\u00a0\u00bb140%\u00a0\u00bb text_line_height_phone=\u00a0\u00bb140%\u00a0\u00bb text_line_height_last_edited=\u00a0\u00bbon|desktop\u00a0\u00bb header_font_size_tablet=\u00a0\u00bb4.5rem\u00a0\u00bb header_font_size_phone=\u00a0\u00bb2.63rem\u00a0\u00bb header_font_size_last_edited=\u00a0\u00bbon|phone\u00a0\u00bb header_2_font_size_tablet=\u00a0\u00bb3.5rem\u00a0\u00bb header_2_font_size_phone=\u00a0\u00bb2rem\u00a0\u00bb header_2_font_size_last_edited=\u00a0\u00bbon|desktop\u00a0\u00bb header_3_font_size_tablet=\u00a0\u00bb3rem\u00a0\u00bb header_3_font_size_phone=\u00a0\u00bb1.5rem\u00a0\u00bb header_3_font_size_last_edited=\u00a0\u00bbon|phone\u00a0\u00bb header_4_font_size_tablet=\u00a0\u00bb2.13rem\u00a0\u00bb header_4_font_size_phone=\u00a0\u00bb1.25rem\u00a0\u00bb header_4_font_size_last_edited=\u00a0\u00bbon|desktop\u00a0\u00bb header_5_font_size_tablet=\u00a0\u00bb1.38rem\u00a0\u00bb header_5_font_size_phone=\u00a0\u00bb1.13rem\u00a0\u00bb header_5_font_size_last_edited=\u00a0\u00bbon|tablet\u00a0\u00bb header_5_line_height_tablet=\u00a0\u00bb100%\u00a0\u00bb header_5_line_height_phone=\u00a0\u00bb100%\u00a0\u00bb header_5_line_height_last_edited=\u00a0\u00bbon|tablet\u00a0\u00bb header_6_font_size_tablet=\u00a0\u00bb1.13rem\u00a0\u00bb header_6_font_size_phone=\u00a0\u00bb0.88rem\u00a0\u00bb header_6_font_size_last_edited=\u00a0\u00bbon|phone\u00a0\u00bb text_orientation_tablet=\u00a0\u00bbcenter\u00a0\u00bb text_orientation_phone=\u00a0\u00bbcenter\u00a0\u00bb text_orientation_last_edited=\u00a0\u00bbon|tablet\u00a0\u00bb global_colors_info=\u00a0\u00bb{}\u00a0\u00bb sticky_enabled=\u00a0\u00bb0&Prime;]<\/p>\n<h5>Informations l\u00e9gales sur l\u2019entreprise UNISTELLAR :<\/h5>\n<h6><\/h6>\n<h6>Raison sociale et d\u00e9nomination<\/h6>\n<p>Notre entreprise commerciale, la soci\u00e9t\u00e9 aupr\u00e8s de laquelle vous effectuez vos achats par le biais du pr\u00e9sent site Web, et votre interlocuteur r\u00e9f\u00e9rent, en France, est :<\/p>\n<p>UNISTELLAR, Soci\u00e9t\u00e9 par actions simplifi\u00e9e (SAS) au capital social de 30 574 euros.<\/p>\n<p>Inscrite au RCS de Marseille sous le num\u00e9ro 812 339 356<\/p>\n<p>Num\u00e9ro de TVA intracommunautaire : FR71812339356<\/p>\n<p>Si\u00e8ge social de l\u2019entreprise : 5, all\u00e9e Marcel Leclerc 13008 Marseille, France<\/p>\n<p>E-mail de contact : <a href=\"mailto:support@unistellaroptics.com\">support@unistellaroptics.com<\/a><\/p>\n<h6><\/h6>\n<h6><\/h6>\n<h6>Responsable de la publication<\/h6>\n<p>Le Directeur de la publication du site web www.unistellar.com et pr\u00e9sident de la soci\u00e9t\u00e9 est Monsieur Arnaud MALVACHE<\/p>\n<p>&nbsp;<\/p>\n<h6>H\u00e9bergement<\/h6>\n<p>L\u2019h\u00e9bergement du site est assur\u00e9 par les prestataires :<\/p>\n<p>&nbsp;<\/p>\n<p>Pour le site de pr\u00e9sentation :<\/p>\n<p>Scaleway<\/p>\n<p>Scaleway BP 438 75366 Paris Cedex 08 France<\/p>\n<p><a href=\"https:\/\/www.scaleway.com\/\">https:\/\/www.scaleway.com\/<\/a><\/p>\n<p>&nbsp;<\/p>\n<p>Pour le site e-commerce:<\/p>\n<p>Shopify<\/p>\n<p>Shopify Inc., entreprise canadienne enregistr\u00e9e au TSX et NYSE, 151 rue O\u2019Connor, Rez-de-chauss\u00e9e, Ottawa, Ontario K2P 2L8, Canada,<\/p>\n<p><a href=\"https:\/\/www.shopify.com\">https:\/\/www.shopify.com<\/a><\/p>\n<p>&nbsp;<\/p>\n<h6>Cr\u00e9dits Photos :<\/h6>\n<p>Design PUShAUNE &#8211; Nicolas AUNE &#8211; www.pushaune.com<\/p>\n<p>[\/et_pb_text][\/et_pb_column][\/et_pb_row][\/et_pb_section]<\/p>\n","protected":false},"excerpt":{"rendered":"<p>UNISTELLARMentions L\u00e9galesInformations l\u00e9gales sur l\u2019entreprise UNISTELLAR : Raison sociale et d\u00e9nomination Notre entreprise commerciale, la soci\u00e9t\u00e9 aupr\u00e8s de laquelle vous effectuez vos achats par le biais du pr\u00e9sent site Web, et votre interlocuteur r\u00e9f\u00e9rent, en France, est : UNISTELLAR, Soci\u00e9t\u00e9 par actions simplifi\u00e9e (SAS) au capital social de 30 574 euros. Inscrite au RCS de [&hellip;]<\/p>\n","protected":false},"author":3,"featured_media":0,"parent":0,"menu_order":0,"comment_status":"closed","ping_status":"closed","template":"","meta":{"_acf_changed":false,"_et_pb_use_builder":"on","_et_pb_old_content":"","_et_gb_content_width":"","inline_featured_image":false,"footnotes":""},"class_list":["post-243470","page","type-page","status-publish","hentry"],"acf":[],"yoast_head":"<!-- This site is optimized with the Yoast SEO Premium plugin v25.6 (Yoast SEO v25.6) - https:\/\/yoast.com\/wordpress\/plugins\/seo\/ -->\n<title>Legal notice - Unistellar<\/title>\n<meta name=\"description\" content=\"Unistellar - Legal notice\" \/>\n<meta name=\"robots\" content=\"index, follow, max-snippet:-1, max-image-preview:large, max-video-preview:-1\" \/>\n<link rel=\"canonical\" href=\"https:\/\/www.unistellar.com\/fr\/legal-notice\/\" \/>\n<meta property=\"og:locale\" content=\"fr_FR\" \/>\n<meta property=\"og:type\" content=\"article\" \/>\n<meta property=\"og:title\" content=\"Legal notice\" \/>\n<meta property=\"og:description\" content=\"Unistellar - Legal notice\" \/>\n<meta property=\"og:url\" content=\"https:\/\/www.unistellar.com\/fr\/legal-notice\/\" \/>\n<meta property=\"og:site_name\" content=\"Unistellar\" \/>\n<meta property=\"article:publisher\" content=\"https:\/\/www.facebook.com\/unistellaroptics\/\" \/>\n<meta property=\"article:modified_time\" content=\"2024-01-08T00:45:30+00:00\" \/>\n<meta name=\"twitter:card\" content=\"summary_large_image\" \/>\n<meta name=\"twitter:site\" content=\"@unistellar\" \/>\n<meta name=\"twitter:label1\" content=\"Dur\u00e9e de lecture estim\u00e9e\" \/>\n\t<meta name=\"twitter:data1\" content=\"2 minutes\" \/>\n<script type=\"application\/ld+json\" class=\"yoast-schema-graph\">{\"@context\":\"https:\/\/schema.org\",\"@graph\":[{\"@type\":\"WebPage\",\"@id\":\"https:\/\/www.unistellar.com\/fr\/legal-notice\/\",\"url\":\"https:\/\/www.unistellar.com\/fr\/legal-notice\/\",\"name\":\"Legal notice - Unistellar\",\"isPartOf\":{\"@id\":\"https:\/\/www.unistellar.com\/fr\/#website\"},\"datePublished\":\"2022-10-19T07:34:47+00:00\",\"dateModified\":\"2024-01-08T00:45:30+00:00\",\"description\":\"Unistellar - Legal notice\",\"breadcrumb\":{\"@id\":\"https:\/\/www.unistellar.com\/fr\/legal-notice\/#breadcrumb\"},\"inLanguage\":\"fr-FR\",\"potentialAction\":[{\"@type\":\"ReadAction\",\"target\":[\"https:\/\/www.unistellar.com\/fr\/legal-notice\/\"]}]},{\"@type\":\"BreadcrumbList\",\"@id\":\"https:\/\/www.unistellar.com\/fr\/legal-notice\/#breadcrumb\",\"itemListElement\":[{\"@type\":\"ListItem\",\"position\":1,\"name\":\"Home\",\"item\":\"https:\/\/www.unistellar.com\/fr\/\"},{\"@type\":\"ListItem\",\"position\":2,\"name\":\"Legal notice\"}]},{\"@type\":\"WebSite\",\"@id\":\"https:\/\/www.unistellar.com\/fr\/#website\",\"url\":\"https:\/\/www.unistellar.com\/fr\/\",\"name\":\"Unistellar\",\"description\":\"The Universe Awaits\",\"publisher\":{\"@id\":\"https:\/\/www.unistellar.com\/fr\/#organization\"},\"potentialAction\":[{\"@type\":\"SearchAction\",\"target\":{\"@type\":\"EntryPoint\",\"urlTemplate\":\"https:\/\/www.unistellar.com\/fr\/?s={search_term_string}\"},\"query-input\":{\"@type\":\"PropertyValueSpecification\",\"valueRequired\":true,\"valueName\":\"search_term_string\"}}],\"inLanguage\":\"fr-FR\"},{\"@type\":\"Organization\",\"@id\":\"https:\/\/www.unistellar.com\/fr\/#organization\",\"name\":\"Unistellar\",\"url\":\"https:\/\/www.unistellar.com\/fr\/\",\"logo\":{\"@type\":\"ImageObject\",\"inLanguage\":\"fr-FR\",\"@id\":\"https:\/\/www.unistellar.com\/fr\/#\/schema\/logo\/image\/\",\"url\":\"https:\/\/www.unistellar.com\/wp-content\/uploads\/2022\/09\/Unistellar_Logo_Horizontal_DARKBLUE_FondVide.png\",\"contentUrl\":\"https:\/\/www.unistellar.com\/wp-content\/uploads\/2022\/09\/Unistellar_Logo_Horizontal_DARKBLUE_FondVide.png\",\"width\":2827,\"height\":417,\"caption\":\"Unistellar\"},\"image\":{\"@id\":\"https:\/\/www.unistellar.com\/fr\/#\/schema\/logo\/image\/\"},\"sameAs\":[\"https:\/\/www.facebook.com\/unistellaroptics\/\",\"https:\/\/x.com\/unistellar\"]}]}<\/script>\n<!-- \/ Yoast SEO Premium plugin. -->","yoast_head_json":{"title":"Legal notice - Unistellar","description":"Unistellar - Legal notice","robots":{"index":"index","follow":"follow","max-snippet":"max-snippet:-1","max-image-preview":"max-image-preview:large","max-video-preview":"max-video-preview:-1"},"canonical":"https:\/\/www.unistellar.com\/fr\/legal-notice\/","og_locale":"fr_FR","og_type":"article","og_title":"Legal notice","og_description":"Unistellar - Legal notice","og_url":"https:\/\/www.unistellar.com\/fr\/legal-notice\/","og_site_name":"Unistellar","article_publisher":"https:\/\/www.facebook.com\/unistellaroptics\/","article_modified_time":"2024-01-08T00:45:30+00:00","twitter_card":"summary_large_image","twitter_site":"@unistellar","twitter_misc":{"Dur\u00e9e de lecture estim\u00e9e":"2 minutes"},"schema":{"@context":"https:\/\/schema.org","@graph":[{"@type":"WebPage","@id":"https:\/\/www.unistellar.com\/fr\/legal-notice\/","url":"https:\/\/www.unistellar.com\/fr\/legal-notice\/","name":"Legal notice - Unistellar","isPartOf":{"@id":"https:\/\/www.unistellar.com\/fr\/#website"},"datePublished":"2022-10-19T07:34:47+00:00","dateModified":"2024-01-08T00:45:30+00:00","description":"Unistellar - Legal notice","breadcrumb":{"@id":"https:\/\/www.unistellar.com\/fr\/legal-notice\/#breadcrumb"},"inLanguage":"fr-FR","potentialAction":[{"@type":"ReadAction","target":["https:\/\/www.unistellar.com\/fr\/legal-notice\/"]}]},{"@type":"BreadcrumbList","@id":"https:\/\/www.unistellar.com\/fr\/legal-notice\/#breadcrumb","itemListElement":[{"@type":"ListItem","position":1,"name":"Home","item":"https:\/\/www.unistellar.com\/fr\/"},{"@type":"ListItem","position":2,"name":"Legal notice"}]},{"@type":"WebSite","@id":"https:\/\/www.unistellar.com\/fr\/#website","url":"https:\/\/www.unistellar.com\/fr\/","name":"Unistellar","description":"The Universe Awaits","publisher":{"@id":"https:\/\/www.unistellar.com\/fr\/#organization"},"potentialAction":[{"@type":"SearchAction","target":{"@type":"EntryPoint","urlTemplate":"https:\/\/www.unistellar.com\/fr\/?s={search_term_string}"},"query-input":{"@type":"PropertyValueSpecification","valueRequired":true,"valueName":"search_term_string"}}],"inLanguage":"fr-FR"},{"@type":"Organization","@id":"https:\/\/www.unistellar.com\/fr\/#organization","name":"Unistellar","url":"https:\/\/www.unistellar.com\/fr\/","logo":{"@type":"ImageObject","inLanguage":"fr-FR","@id":"https:\/\/www.unistellar.com\/fr\/#\/schema\/logo\/image\/","url":"https:\/\/www.unistellar.com\/wp-content\/uploads\/2022\/09\/Unistellar_Logo_Horizontal_DARKBLUE_FondVide.png","contentUrl":"https:\/\/www.unistellar.com\/wp-content\/uploads\/2022\/09\/Unistellar_Logo_Horizontal_DARKBLUE_FondVide.png","width":2827,"height":417,"caption":"Unistellar"},"image":{"@id":"https:\/\/www.unistellar.com\/fr\/#\/schema\/logo\/image\/"},"sameAs":["https:\/\/www.facebook.com\/unistellaroptics\/","https:\/\/x.com\/unistellar"]}]}},"_links":{"self":[{"href":"https:\/\/www.unistellar.com\/fr\/wp-json\/wp\/v2\/pages\/243470","targetHints":{"allow":["GET"]}}],"collection":[{"href":"https:\/\/www.unistellar.com\/fr\/wp-json\/wp\/v2\/pages"}],"about":[{"href":"https:\/\/www.unistellar.com\/fr\/wp-json\/wp\/v2\/types\/page"}],"author":[{"embeddable":true,"href":"https:\/\/www.unistellar.com\/fr\/wp-json\/wp\/v2\/users\/3"}],"replies":[{"embeddable":true,"href":"https:\/\/www.unistellar.com\/fr\/wp-json\/wp\/v2\/comments?post=243470"}],"version-history":[{"count":4,"href":"https:\/\/www.unistellar.com\/fr\/wp-json\/wp\/v2\/pages\/243470\/revisions"}],"predecessor-version":[{"id":268556,"href":"https:\/\/www.unistellar.com\/fr\/wp-json\/wp\/v2\/pages\/243470\/revisions\/268556"}],"wp:attachment":[{"href":"https:\/\/www.unistellar.com\/fr\/wp-json\/wp\/v2\/media?parent=243470"}],"curies":[{"name":"wp","href":"https:\/\/api.w.org\/{rel}","templated":true}]}}