{"id":251802,"date":"2023-02-27T18:33:36","date_gmt":"2023-02-27T17:33:36","guid":{"rendered":"https:\/\/www.unistellar.com\/veroeffentlichung-in-nature-scientific-review\/"},"modified":"2023-03-07T14:44:29","modified_gmt":"2023-03-07T13:44:29","slug":"nature-revue","status":"publish","type":"page","link":"https:\/\/www.unistellar.com\/de\/nature-revue\/","title":{"rendered":"Ver\u00f6ffentlichung in Nature Scientific Review"},"content":{"rendered":"<p>[et_pb_section fb_built=&#8220;1&#8243; _builder_version=&#8220;4.19.5&#8243; _module_preset=&#8220;default&#8220; use_background_color_gradient=&#8220;on&#8220; background_color_gradient_stops=&#8220;#141414 13%|#242424 100%&#8220; global_colors_info=&#8220;{}&#8220;][et_pb_row _builder_version=&#8220;4.19.5&#8243; _module_preset=&#8220;default&#8220; width=&#8220;75%&#8220; module_alignment=&#8220;center&#8220; custom_padding=&#8220;10%||||false|false&#8220; global_colors_info=&#8220;{}&#8220;][et_pb_column type=&#8220;4_4&#8243; _builder_version=&#8220;4.19.5&#8243; _module_preset=&#8220;default&#8220; global_colors_info=&#8220;{}&#8220;][et_pb_text _builder_version=&#8220;4.19.5&#8243; _module_preset=&#8220;default&#8220; header_font=&#8220;||||||||&#8220; width=&#8220;80%&#8220; module_alignment=&#8220;center&#8220; header_font_size_tablet=&#8220;&#8220; header_font_size_phone=&#8220;25px&#8220; header_font_size_last_edited=&#8220;on|tablet&#8220; global_colors_info=&#8220;{}&#8220;]<\/p>\n<h1 style=\"text-align: center;\"><span style=\"text-decoration: underline;\">Unistellar-Nutzer wirken an<\/span> der Eroberung des Weltraums mit<\/h1>\n<p>[\/et_pb_text][et_pb_text _builder_version=&#8220;4.19.5&#8243; _module_preset=&#8220;default&#8220; width=&#8220;80%&#8220; module_alignment=&#8220;center&#8220; global_colors_info=&#8220;{}&#8220;]<\/p>\n<h4 style=\"text-align: center;\"><span style=\"color: #ff0000;\">F\u00fchrende Fachzeitschrift Nature best\u00e4tigt<span style=\"color: #ffffff;\">, dass Citizen-Astronomers mit intelligenten Unistellar-Teleskopen einen sinnvollen Beitrag zur Verteidigung unseres Planeten leisten k\u00f6nnen<\/span><\/span><\/h4>\n<p>[\/et_pb_text][\/et_pb_column][\/et_pb_row][et_pb_row column_structure=&#8220;1_2,1_2&#8243; _builder_version=&#8220;4.19.5&#8243; _module_preset=&#8220;default&#8220; width=&#8220;75%&#8220; module_alignment=&#8220;center&#8220; custom_padding=&#8220;10%||||false|false&#8220; global_colors_info=&#8220;{}&#8220;][et_pb_column type=&#8220;1_2&#8243; _builder_version=&#8220;4.19.5&#8243; _module_preset=&#8220;default&#8220; global_colors_info=&#8220;{}&#8220;][et_pb_text _builder_version=&#8220;4.19.5&#8243; _module_preset=&#8220;default&#8220; text_font=&#8220;Montserrat|300|||||||&#8220; text_font_size=&#8220;16px&#8220; header_2_font=&#8220;|300|||||||&#8220; width=&#8220;90%&#8220; header_2_font_size_tablet=&#8220;&#8220; header_2_font_size_phone=&#8220;20px&#8220; header_2_font_size_last_edited=&#8220;on|phone&#8220; global_colors_info=&#8220;{}&#8220;]<\/p>\n<h2>DART: eine Mission zum Schutz unseres Planeten<\/h2>\n<p>&nbsp;<\/p>\n<p>Die Citizen-Astronomers der Unistellar-Community haben den Asteroiden Dimorphos vor, w\u00e4hrend und nach dem Einschlag der DART-Raumsonde beobachtet. Diese Beobachtungen lieferten wichtige wissenschaftliche Daten zu den Eigenschaften des Asteroiden, die nun in der renommierten Fachzeitschrift Nature ver\u00f6ffentlicht wurden.<\/p>\n<p>Das DART-Programm (Double Asteroid Redirection Test) der NASA war die erste Mission zur planetaren Verteidigung ihrer Art. Es wurde entwickelt, um herauszufinden, wie gut sich die Menschheit vor gef\u00e4hrlichen erdnahen Objekten wie Asteroiden oder Kometen sch\u00fctzen kann. Im September 2022 erf\u00fcllte die DART-Raumsonde mit dem Einschlag in den Asteroiden Dimorphos erfolgreich ihren Auftrag. Dieser Einschlag ver\u00e4nderte nicht nur wie vorgesehen die Flugbahn von Dimorphos, sondern markierte auch einen historischen Moment: Zum ersten Mal wurde nachgewiesen, dass der Mensch in der Lage ist, die Flugbahn von Objekten im Weltraum zu \u00e4ndern \u2013 und Unistellar-Benutzer waren aktiv daran beteiligt.<\/p>\n<p>[\/et_pb_text][\/et_pb_column][et_pb_column type=&#8220;1_2&#8243; _builder_version=&#8220;4.19.5&#8243; _module_preset=&#8220;default&#8220; global_colors_info=&#8220;{}&#8220;][et_pb_image src=&#8220;https:\/\/www.unistellar.com\/wp-content\/uploads\/2022\/12\/dart_carre.gif&#8220; alt=&#8220;DART-Einschlag&#8220; title_text=&#8220;DART-Einschlag&#8220; _builder_version=&#8220;4.19.5&#8243; _module_preset=&#8220;default&#8220; width=&#8220;90%&#8220; hover_enabled=&#8220;0&#8243; border_radii=&#8220;on|300px|300px|300px|300px&#8220; border_width_all=&#8220;1px&#8220; border_color_all=&#8220;#848484&#8243; global_colors_info=&#8220;{}&#8220; align=&#8220;center&#8220; sticky_enabled=&#8220;0&#8243;][\/et_pb_image][et_pb_text _builder_version=&#8220;4.19.5&#8243; _module_preset=&#8220;default&#8220; width=&#8220;45%&#8220; module_alignment=&#8220;center&#8220; custom_padding=&#8220;10px|5px|10px|5px|false|false&#8220; border_color_all=&#8220;#FFFFFF&#8220; border_width_top=&#8220;1px&#8220; border_width_bottom=&#8220;1px&#8220; global_colors_info=&#8220;{}&#8220;]DART-Einschlag auf Dimorphos Aufgenommen von Nutzern von Unistellar-Teleskopen[\/et_pb_text][\/et_pb_column][\/et_pb_row][et_pb_row _builder_version=&#8220;4.19.5&#8243; _module_preset=&#8220;default&#8220; width=&#8220;75%&#8220; module_alignment=&#8220;center&#8220; custom_padding=&#8220;5%||||false|false&#8220; global_colors_info=&#8220;{}&#8220;][et_pb_column type=&#8220;4_4&#8243; _builder_version=&#8220;4.19.5&#8243; _module_preset=&#8220;default&#8220; global_colors_info=&#8220;{}&#8220;][et_pb_text _builder_version=&#8220;4.19.5&#8243; _module_preset=&#8220;default&#8220; header_2_font=&#8220;|300|||||||&#8220; width=&#8220;80%&#8220; module_alignment=&#8220;center&#8220; header_2_font_size_tablet=&#8220;&#8220; header_2_font_size_phone=&#8220;20px&#8220; header_2_font_size_last_edited=&#8220;on|phone&#8220; global_colors_info=&#8220;{}&#8220;]<\/p>\n<h2 style=\"text-align: center;\">Durch die DART-Mission konnte die Flugbahn des Asteroiden Dimorphos erfolgreich ge\u00e4ndert werden<\/h2>\n<p>[\/et_pb_text][\/et_pb_column][\/et_pb_row][et_pb_row _builder_version=&#8220;4.19.5&#8243; _module_preset=&#8220;default&#8220; use_background_color_gradient=&#8220;on&#8220; background_color_gradient_type=&#8220;circular&#8220; background_color_gradient_stops=&#8220;#2b2b2b 0%|#0a0a0a 49%|#0a0a0a 100%&#8220; custom_padding=&#8220;4%|4%|4%|4%|true|true&#8220; border_radii=&#8220;on|50px|50px|50px|50px&#8220; global_colors_info=&#8220;{}&#8220;][et_pb_column type=&#8220;4_4&#8243; _builder_version=&#8220;4.19.5&#8243; _module_preset=&#8220;default&#8220; global_colors_info=&#8220;{}&#8220;][et_pb_image src=&#8220;https:\/\/www.unistellar.com\/wp-content\/uploads\/2023\/03\/dart-success-de.png&#8220; alt=&#8220;DART Mission Success&#8220; title_text=&#8220;dart-success-de&#8220; align=&#8220;center&#8220; _builder_version=&#8220;4.19.5&#8243; _module_preset=&#8220;default&#8220; hover_enabled=&#8220;0&#8243; global_colors_info=&#8220;{}&#8220; sticky_enabled=&#8220;0&#8243;][\/et_pb_image][\/et_pb_column][\/et_pb_row][\/et_pb_section][et_pb_section fb_built=&#8220;1&#8243; _builder_version=&#8220;4.19.5&#8243; _module_preset=&#8220;default&#8220; background_color=&#8220;#283141&#8243; global_colors_info=&#8220;{}&#8220;][et_pb_row _builder_version=&#8220;4.19.5&#8243; _module_preset=&#8220;default&#8220; width=&#8220;75%&#8220; module_alignment=&#8220;center&#8220; custom_padding=&#8220;5%||||false|false&#8220; global_colors_info=&#8220;{}&#8220;][et_pb_column type=&#8220;4_4&#8243; _builder_version=&#8220;4.19.5&#8243; _module_preset=&#8220;default&#8220; global_colors_info=&#8220;{}&#8220;][et_pb_text _builder_version=&#8220;4.19.5&#8243; _module_preset=&#8220;default&#8220; header_2_font=&#8220;|300|||||||&#8220; width=&#8220;80%&#8220; module_alignment=&#8220;center&#8220; header_2_font_size_tablet=&#8220;&#8220; header_2_font_size_phone=&#8220;20px&#8220; header_2_font_size_last_edited=&#8220;on|phone&#8220; global_colors_info=&#8220;{}&#8220;]<\/p>\n<h2 style=\"text-align: center;\">Benutzer von Unistellar-Teleskopen auf 5 Kontinenten haben erfolgreich zur DART-Mission der NASA beigetragen<\/h2>\n<p>[\/et_pb_text][et_pb_image src=&#8220;https:\/\/www.unistellar.com\/wp-content\/uploads\/2023\/03\/unistellar-users-map.jpg&#8220; alt=&#8220;Benutzer des unistellaren Teleskops&#8220; title_text=&#8220;Benutzer des unistellaren Teleskops&#8220; align=&#8220;center&#8220; _builder_version=&#8220;4.19.5&#8243; _module_preset=&#8220;default&#8220; width=&#8220;80%&#8220; module_alignment=&#8220;center&#8220; global_colors_info=&#8220;{}&#8220;][\/et_pb_image][et_pb_text _builder_version=&#8220;4.19.5&#8243; _module_preset=&#8220;default&#8220; text_font=&#8220;Montserrat|300|||||||&#8220; text_font_size=&#8220;16px&#8220; width=&#8220;80%&#8220; module_alignment=&#8220;center&#8220; global_colors_info=&#8220;{}&#8220;]Dank der weltweiten Ausdehnung des Unistellar-Netzwerks und der Kooperation mit dem SETI-Institut konnten Citizen-Astronomers wichtige Informationen \u00fcber die DART-Mission liefern. Dies hat der im Fachmagazin Nature ver\u00f6ffentlichte Artikel nun noch einmal best\u00e4tigt. <\/p>\n<p>Dank des einzigartigen internationalen Charakters dieser Community konnten die Beobachter mehr als einen Monat lang Daten \u00fcber Dimorphos, den Zielasteroiden von DART, sammeln. Diese Beobachtungen erm\u00f6glichten es Wissenschaftlern, den Asteroiden \u00fcber einen l\u00e4ngeren Zeitraum zu untersuchen und sich zu vergewissern, dass er durch den Einschlag von DART nicht zerst\u00f6rt wurde. Nur eine Community von Teleskopnutzern, die \u00fcber ein gemeinsames Instrument vernetzt sind und kontinent\u00fcbergreifend zusammenarbeiten, ist in der Lage, derartige Informationen zu sammeln und den wissenschaftlichen Fortschritt so voranzutreiben. Denn irgendwo im Unistellar-Netzwerk gibt es immer einen wolkenlosen Himmel![\/et_pb_text][\/et_pb_column][\/et_pb_row][et_pb_row _builder_version=&#8220;4.19.5&#8243; _module_preset=&#8220;default&#8220; global_colors_info=&#8220;{}&#8220;][et_pb_column type=&#8220;4_4&#8243; _builder_version=&#8220;4.19.5&#8243; _module_preset=&#8220;default&#8220; global_colors_info=&#8220;{}&#8220;][et_pb_image src=&#8220;https:\/\/www.unistellar.com\/wp-content\/uploads\/2023\/02\/nasa-seti.png&#8220; alt=&#8220;NASA &#038; SETI&#8220; title_text=&#8220;NASA &#038; SETI&#8220; _builder_version=&#8220;4.19.5&#8243; _module_preset=&#8220;default&#8220; width=&#8220;40%&#8220; module_alignment=&#8220;center&#8220; global_colors_info=&#8220;{}&#8220;][\/et_pb_image][\/et_pb_column][\/et_pb_row][\/et_pb_section][et_pb_section fb_built=&#8220;1&#8243; _builder_version=&#8220;4.19.5&#8243; _module_preset=&#8220;default&#8220; use_background_color_gradient=&#8220;on&#8220; background_color_gradient_type=&#8220;circular&#8220; background_color_gradient_stops=&#8220;#3a3a3a 0%|#000000 100%&#8220; custom_margin=&#8220;||0px||false|false&#8220; custom_padding=&#8220;||0px||false|false&#8220; global_colors_info=&#8220;{}&#8220;][et_pb_row _builder_version=&#8220;4.19.5&#8243; _module_preset=&#8220;default&#8220; width=&#8220;75%&#8220; module_alignment=&#8220;center&#8220; custom_padding=&#8220;5%||||false|false&#8220; global_colors_info=&#8220;{}&#8220;][et_pb_column type=&#8220;4_4&#8243; _builder_version=&#8220;4.19.5&#8243; _module_preset=&#8220;default&#8220; global_colors_info=&#8220;{}&#8220;][et_pb_text _builder_version=&#8220;4.19.5&#8243; _module_preset=&#8220;default&#8220; header_2_font=&#8220;|300|||||||&#8220; width=&#8220;80%&#8220; module_alignment=&#8220;center&#8220; header_2_font_size_tablet=&#8220;&#8220; header_2_font_size_phone=&#8220;20px&#8220; header_2_font_size_last_edited=&#8220;on|phone&#8220; locked=&#8220;off&#8220; global_colors_info=&#8220;{}&#8220;]<\/p>\n<h2 style=\"text-align: center;\">Entdecken Sie die intelligenten Teleskope von Unistellar und machen Sie mit beim Abenteuer der Forschung<\/h2>\n<p>[\/et_pb_text][\/et_pb_column][\/et_pb_row][et_pb_row column_structure=&#8220;3_5,2_5&#8243; make_equal=&#8220;on&#8220; _builder_version=&#8220;4.19.5&#8243; _module_preset=&#8220;default&#8220; width=&#8220;75%&#8220; custom_margin=&#8220;||0px||false|false&#8220; custom_padding=&#8220;||0px||false|false&#8220; custom_css_main_element=&#8220;align-items: center;&#8220; global_colors_info=&#8220;{}&#8220;][et_pb_column type=&#8220;3_5&#8243; _builder_version=&#8220;4.19.5&#8243; _module_preset=&#8220;default&#8220; global_colors_info=&#8220;{}&#8220;][et_pb_image src=&#8220;https:\/\/www.unistellar.com\/wp-content\/uploads\/2023\/02\/evscope-smart-telescope.png&#8220; alt=&#8220;eVscope Smart Teleskop&#8220; title_text=&#8220;eVscope Smart Teleskop&#8220; _builder_version=&#8220;4.19.5&#8243; _module_preset=&#8220;default&#8220; global_colors_info=&#8220;{}&#8220;][\/et_pb_image][\/et_pb_column][et_pb_column type=&#8220;2_5&#8243; _builder_version=&#8220;4.19.5&#8243; _module_preset=&#8220;default&#8220; global_colors_info=&#8220;{}&#8220;][et_pb_text _builder_version=&#8220;4.19.5&#8243; _module_preset=&#8220;default&#8220; text_font=&#8220;Montserrat|300|||||||&#8220; text_font_size=&#8220;16px&#8220; custom_margin=&#8220;||||false|false&#8220; custom_padding=&#8220;|20%|||false|false&#8220; global_colors_info=&#8220;{}&#8220;]Als Mitglied der Unistellar-Community \u2013 mit mehr als 10.000 Teleskopbenutzern die weltweit gr\u00f6\u00dfte Gemeinschaft von Sternbeobachtern \u2013 arbeiten Sie mit erfahrenen Anwendern und Berufsastronomen zusammen.<\/p>\n<p>Durch unsere Partnerschaft mit renommierten Wissenschaftsorganisationen wie dem SETI Institute und der NASA erm\u00f6glichen Ihnen Unistellar-Teleskope eine Beteiligung an bahnbrechenden Forschungen zu Exoplaneten, Asteroiden, Kometen und vielem mehr.[\/et_pb_text][et_pb_text disabled_on=&#8220;off|off|off&#8220; module_class=&#8220;CTA_footer&#8220; _builder_version=&#8220;4.19.5&#8243; _module_preset=&#8220;default&#8220; custom_margin=&#8220;||13px||false|false&#8220; custom_padding=&#8220;||||false|false&#8220; animation_direction=&#8220;right&#8220; hover_enabled=&#8220;0&#8243; locked=&#8220;off&#8220; global_colors_info=&#8220;{}&#8220; custom_css_main_element_last_edited=&#8220;on|tablet&#8220; custom_css_main_element_tablet=&#8220;display: flex;||flex-direction: column;||align-items: center;&#8220; custom_css_main_element_phone=&#8220;display: flex;||flex-direction: column;||align-items: center;&#8220; sticky_enabled=&#8220;0&#8243;]<\/p>\n<ul class=\"buy-banner\" style=\"display: flex; flex-direction: row; align-items: center; list-style: none; margin: 0; padding: 0;\">\n<li style=\"font-size: 16px; font-weight: 800;\"><\/li>\n<li><a href=\"https:\/\/www.unistellar.com\/de\/evscope2\/\" rel=\"noopener\" class=\"submenu-product-btn\"><button class=\"unis-btn btn-1 hover-filled-slide-right\" style=\"margin: 0 1px;\"><br \/><span style=\"padding: 9px 20px;\">Unistellar eVscope 2 entdecken<\/span><br \/><\/button><\/a><\/li>\n<\/ul>\n<p>[\/et_pb_text][\/et_pb_column][\/et_pb_row][\/et_pb_section][et_pb_section fb_built=&#8220;1&#8243; _builder_version=&#8220;4.19.5&#8243; _module_preset=&#8220;default&#8220; background_color=&#8220;#191919&#8243; global_colors_info=&#8220;{}&#8220;][et_pb_row _builder_version=&#8220;4.19.5&#8243; _module_preset=&#8220;default&#8220; width=&#8220;50%&#8220; custom_padding=&#8220;0px||0px||false|false&#8220; global_colors_info=&#8220;{}&#8220;][et_pb_column type=&#8220;4_4&#8243; _builder_version=&#8220;4.19.5&#8243; _module_preset=&#8220;default&#8220; global_colors_info=&#8220;{}&#8220;][et_pb_text _builder_version=&#8220;4.19.5&#8243; _module_preset=&#8220;default&#8220; text_font=&#8220;Montserrat|300|||||||&#8220; text_text_color=&#8220;#939393&#8243; text_font_size=&#8220;11px&#8220; global_colors_info=&#8220;{}&#8220;]<\/p>\n<p>* Das in diesem Dokument verwendete Material basiert auf Werken, die von der National Aeronautics and Space Administration (NASA) finanziell oder im Rahmen einer Kooperationsvereinbarung gef\u00f6rdert wurden. Alle in diesem Material ge\u00e4u\u00dferten Meinungen, Erkenntnisse, Schlussfolgerungen oder Empfehlungen sind die des Autors und spiegeln nicht unbedingt die Ansichten der NASA wider.<\/p>\n<p>[\/et_pb_text][\/et_pb_column][\/et_pb_row][\/et_pb_section]<\/p>\n","protected":false},"excerpt":{"rendered":"<p>Unistellar-Nutzer wirken an der Eroberung des Weltraums mitF\u00fchrende Fachzeitschrift Nature best\u00e4tigt, dass Citizen-Astronomers mit intelligenten Unistellar-Teleskopen einen sinnvollen Beitrag zur Verteidigung unseres Planeten leisten k\u00f6nnenDART: eine Mission zum Schutz unseres Planeten &nbsp; Die Citizen-Astronomers der Unistellar-Community haben den Asteroiden Dimorphos vor, w\u00e4hrend und nach dem Einschlag der DART-Raumsonde beobachtet. Diese Beobachtungen lieferten wichtige wissenschaftliche Daten [&hellip;]<\/p>\n","protected":false},"author":4,"featured_media":0,"parent":0,"menu_order":0,"comment_status":"closed","ping_status":"closed","template":"","meta":{"_acf_changed":false,"_et_pb_use_builder":"on","_et_pb_old_content":"","_et_gb_content_width":"","inline_featured_image":false,"footnotes":""},"class_list":["post-251802","page","type-page","status-publish","hentry"],"acf":[],"yoast_head":"<!-- This site is optimized with the Yoast SEO Premium plugin v25.6 (Yoast SEO v25.6) - https:\/\/yoast.com\/wordpress\/plugins\/seo\/ -->\n<title>Ver\u00f6ffentlichung in Nature Scientific Review - UNISTELLAR<\/title>\n<meta name=\"description\" content=\"UNISTELLAR - Ver\u00f6ffentlichung in Nature Scientific Review\" \/>\n<meta name=\"robots\" content=\"index, follow, max-snippet:-1, max-image-preview:large, max-video-preview:-1\" \/>\n<link rel=\"canonical\" href=\"https:\/\/www.unistellar.com\/de\/nature-revue\/\" \/>\n<meta property=\"og:locale\" content=\"de_DE\" \/>\n<meta property=\"og:type\" content=\"article\" \/>\n<meta property=\"og:title\" content=\"Benutzer des &quot;Unistellar&quot;-Teleskops ver\u00f6ffentlicht in Nature Scientific Review\" \/>\n<meta property=\"og:description\" content=\"F\u00fchrende Fachzeitschrift Nature best\u00e4tigt, dass Citizen-Astronomers mit intelligenten Unistellar-Teleskopen einen sinnvollen Beitrag zur Verteidigung unseres Planeten leisten k\u00f6nnen.\" \/>\n<meta property=\"og:url\" content=\"https:\/\/www.unistellar.com\/de\/nature-revue\/\" \/>\n<meta property=\"og:site_name\" content=\"UNISTELLAR\" \/>\n<meta property=\"article:publisher\" content=\"https:\/\/www.facebook.com\/unistellaroptics\/\" \/>\n<meta property=\"article:modified_time\" content=\"2023-03-07T13:44:29+00:00\" \/>\n<meta property=\"og:image\" content=\"https:\/\/www.unistellar.com\/wp-content\/uploads\/2023\/02\/nature-cover-1024x623.jpg\" \/>\n<meta name=\"twitter:card\" content=\"summary_large_image\" \/>\n<meta name=\"twitter:title\" content=\"Benutzer des &quot;Unistellar&quot;-Teleskops ver\u00f6ffentlicht in Nature Scientific Review\" \/>\n<meta name=\"twitter:description\" content=\"Benutzer des &quot;Unistellar&quot;-Teleskops ver\u00f6ffentlicht in Nature Scientific Review\" \/>\n<meta name=\"twitter:image\" content=\"https:\/\/www.unistellar.com\/wp-content\/uploads\/2023\/02\/nature-cover-1024x623.jpg\" \/>\n<meta name=\"twitter:site\" content=\"@unistellar\" \/>\n<meta name=\"twitter:label1\" content=\"Gesch\u00e4tzte Lesezeit\" \/>\n\t<meta name=\"twitter:data1\" content=\"8\u00a0Minuten\" \/>\n<script type=\"application\/ld+json\" class=\"yoast-schema-graph\">{\"@context\":\"https:\/\/schema.org\",\"@graph\":[{\"@type\":\"WebPage\",\"@id\":\"https:\/\/www.unistellar.com\/de\/nature-revue\/\",\"url\":\"https:\/\/www.unistellar.com\/de\/nature-revue\/\",\"name\":\"Ver\u00f6ffentlichung in Nature Scientific Review - UNISTELLAR\",\"isPartOf\":{\"@id\":\"https:\/\/www.unistellar.com\/de\/#website\"},\"datePublished\":\"2023-02-27T17:33:36+00:00\",\"dateModified\":\"2023-03-07T13:44:29+00:00\",\"description\":\"UNISTELLAR - Ver\u00f6ffentlichung in Nature Scientific Review\",\"breadcrumb\":{\"@id\":\"https:\/\/www.unistellar.com\/de\/nature-revue\/#breadcrumb\"},\"inLanguage\":\"de\",\"potentialAction\":[{\"@type\":\"ReadAction\",\"target\":[\"https:\/\/www.unistellar.com\/de\/nature-revue\/\"]}]},{\"@type\":\"BreadcrumbList\",\"@id\":\"https:\/\/www.unistellar.com\/de\/nature-revue\/#breadcrumb\",\"itemListElement\":[{\"@type\":\"ListItem\",\"position\":1,\"name\":\"Home\",\"item\":\"https:\/\/www.unistellar.com\/de\/\"},{\"@type\":\"ListItem\",\"position\":2,\"name\":\"Ver\u00f6ffentlichung in Nature Scientific Review\"}]},{\"@type\":\"WebSite\",\"@id\":\"https:\/\/www.unistellar.com\/de\/#website\",\"url\":\"https:\/\/www.unistellar.com\/de\/\",\"name\":\"UNISTELLAR\",\"description\":\"The Telescope Reinvented\",\"publisher\":{\"@id\":\"https:\/\/www.unistellar.com\/de\/#organization\"},\"potentialAction\":[{\"@type\":\"SearchAction\",\"target\":{\"@type\":\"EntryPoint\",\"urlTemplate\":\"https:\/\/www.unistellar.com\/de\/?s={search_term_string}\"},\"query-input\":{\"@type\":\"PropertyValueSpecification\",\"valueRequired\":true,\"valueName\":\"search_term_string\"}}],\"inLanguage\":\"de\"},{\"@type\":\"Organization\",\"@id\":\"https:\/\/www.unistellar.com\/de\/#organization\",\"name\":\"UNISTELLAR\",\"url\":\"https:\/\/www.unistellar.com\/de\/\",\"logo\":{\"@type\":\"ImageObject\",\"inLanguage\":\"de\",\"@id\":\"https:\/\/www.unistellar.com\/de\/#\/schema\/logo\/image\/\",\"url\":\"https:\/\/www.unistellar.com\/wp-content\/uploads\/2022\/09\/Unistellar_Logo_Horizontal_DARKBLUE_FondVide.png\",\"contentUrl\":\"https:\/\/www.unistellar.com\/wp-content\/uploads\/2022\/09\/Unistellar_Logo_Horizontal_DARKBLUE_FondVide.png\",\"width\":2827,\"height\":417,\"caption\":\"UNISTELLAR\"},\"image\":{\"@id\":\"https:\/\/www.unistellar.com\/de\/#\/schema\/logo\/image\/\"},\"sameAs\":[\"https:\/\/www.facebook.com\/unistellaroptics\/\",\"https:\/\/x.com\/unistellar\"]}]}<\/script>\n<!-- \/ Yoast SEO Premium plugin. -->","yoast_head_json":{"title":"Ver\u00f6ffentlichung in Nature Scientific Review - UNISTELLAR","description":"UNISTELLAR - Ver\u00f6ffentlichung in Nature Scientific Review","robots":{"index":"index","follow":"follow","max-snippet":"max-snippet:-1","max-image-preview":"max-image-preview:large","max-video-preview":"max-video-preview:-1"},"canonical":"https:\/\/www.unistellar.com\/de\/nature-revue\/","og_locale":"de_DE","og_type":"article","og_title":"Benutzer des \"Unistellar\"-Teleskops ver\u00f6ffentlicht in Nature Scientific Review","og_description":"F\u00fchrende Fachzeitschrift Nature best\u00e4tigt, dass Citizen-Astronomers mit intelligenten Unistellar-Teleskopen einen sinnvollen Beitrag zur Verteidigung unseres Planeten leisten k\u00f6nnen.","og_url":"https:\/\/www.unistellar.com\/de\/nature-revue\/","og_site_name":"UNISTELLAR","article_publisher":"https:\/\/www.facebook.com\/unistellaroptics\/","article_modified_time":"2023-03-07T13:44:29+00:00","og_image":[{"url":"https:\/\/www.unistellar.com\/wp-content\/uploads\/2023\/02\/nature-cover-1024x623.jpg","type":"","width":"","height":""}],"twitter_card":"summary_large_image","twitter_title":"Benutzer des \"Unistellar\"-Teleskops ver\u00f6ffentlicht in Nature Scientific Review","twitter_description":"Benutzer des \"Unistellar\"-Teleskops ver\u00f6ffentlicht in Nature Scientific Review","twitter_image":"https:\/\/www.unistellar.com\/wp-content\/uploads\/2023\/02\/nature-cover-1024x623.jpg","twitter_site":"@unistellar","twitter_misc":{"Gesch\u00e4tzte Lesezeit":"8\u00a0Minuten"},"schema":{"@context":"https:\/\/schema.org","@graph":[{"@type":"WebPage","@id":"https:\/\/www.unistellar.com\/de\/nature-revue\/","url":"https:\/\/www.unistellar.com\/de\/nature-revue\/","name":"Ver\u00f6ffentlichung in Nature Scientific Review - UNISTELLAR","isPartOf":{"@id":"https:\/\/www.unistellar.com\/de\/#website"},"datePublished":"2023-02-27T17:33:36+00:00","dateModified":"2023-03-07T13:44:29+00:00","description":"UNISTELLAR - Ver\u00f6ffentlichung in Nature Scientific Review","breadcrumb":{"@id":"https:\/\/www.unistellar.com\/de\/nature-revue\/#breadcrumb"},"inLanguage":"de","potentialAction":[{"@type":"ReadAction","target":["https:\/\/www.unistellar.com\/de\/nature-revue\/"]}]},{"@type":"BreadcrumbList","@id":"https:\/\/www.unistellar.com\/de\/nature-revue\/#breadcrumb","itemListElement":[{"@type":"ListItem","position":1,"name":"Home","item":"https:\/\/www.unistellar.com\/de\/"},{"@type":"ListItem","position":2,"name":"Ver\u00f6ffentlichung in Nature Scientific Review"}]},{"@type":"WebSite","@id":"https:\/\/www.unistellar.com\/de\/#website","url":"https:\/\/www.unistellar.com\/de\/","name":"UNISTELLAR","description":"The Telescope Reinvented","publisher":{"@id":"https:\/\/www.unistellar.com\/de\/#organization"},"potentialAction":[{"@type":"SearchAction","target":{"@type":"EntryPoint","urlTemplate":"https:\/\/www.unistellar.com\/de\/?s={search_term_string}"},"query-input":{"@type":"PropertyValueSpecification","valueRequired":true,"valueName":"search_term_string"}}],"inLanguage":"de"},{"@type":"Organization","@id":"https:\/\/www.unistellar.com\/de\/#organization","name":"UNISTELLAR","url":"https:\/\/www.unistellar.com\/de\/","logo":{"@type":"ImageObject","inLanguage":"de","@id":"https:\/\/www.unistellar.com\/de\/#\/schema\/logo\/image\/","url":"https:\/\/www.unistellar.com\/wp-content\/uploads\/2022\/09\/Unistellar_Logo_Horizontal_DARKBLUE_FondVide.png","contentUrl":"https:\/\/www.unistellar.com\/wp-content\/uploads\/2022\/09\/Unistellar_Logo_Horizontal_DARKBLUE_FondVide.png","width":2827,"height":417,"caption":"UNISTELLAR"},"image":{"@id":"https:\/\/www.unistellar.com\/de\/#\/schema\/logo\/image\/"},"sameAs":["https:\/\/www.facebook.com\/unistellaroptics\/","https:\/\/x.com\/unistellar"]}]}},"_links":{"self":[{"href":"https:\/\/www.unistellar.com\/de\/wp-json\/wp\/v2\/pages\/251802","targetHints":{"allow":["GET"]}}],"collection":[{"href":"https:\/\/www.unistellar.com\/de\/wp-json\/wp\/v2\/pages"}],"about":[{"href":"https:\/\/www.unistellar.com\/de\/wp-json\/wp\/v2\/types\/page"}],"author":[{"embeddable":true,"href":"https:\/\/www.unistellar.com\/de\/wp-json\/wp\/v2\/users\/4"}],"replies":[{"embeddable":true,"href":"https:\/\/www.unistellar.com\/de\/wp-json\/wp\/v2\/comments?post=251802"}],"version-history":[{"count":0,"href":"https:\/\/www.unistellar.com\/de\/wp-json\/wp\/v2\/pages\/251802\/revisions"}],"wp:attachment":[{"href":"https:\/\/www.unistellar.com\/de\/wp-json\/wp\/v2\/media?parent=251802"}],"curies":[{"name":"wp","href":"https:\/\/api.w.org\/{rel}","templated":true}]}}